{"id":154734,"date":"2025-11-06T10:26:19","date_gmt":"2025-11-06T03:26:19","guid":{"rendered":"https:\/\/shakicks.us\/?post_type=product&#038;p=154734"},"modified":"2025-11-12T09:36:38","modified_gmt":"2025-11-12T02:36:38","slug":"nike-shox-r4-hq7739-001","status":"publish","type":"product","link":"https:\/\/shakicks.us\/index.php\/product\/nike-shox-r4-hq7739-001\/","title":{"rendered":"Nike Shox R4 HQ7739-001"},"content":{"rendered":"<p><img fetchpriority=\"high\" decoding=\"async\" class=\"alignnone size-full wp-image-125524\" src=\"http:\/\/shakicks.us\/wp-content\/uploads\/2023\/07\/size.jpeg\" alt=\"\" width=\"746\" height=\"473\" srcset=\"https:\/\/shakicks.us\/wp-content\/uploads\/2023\/07\/size.jpeg 746w, https:\/\/shakicks.us\/wp-content\/uploads\/2023\/07\/size-300x190.jpeg 300w, https:\/\/shakicks.us\/wp-content\/uploads\/2023\/07\/size-600x380.jpeg 600w\" sizes=\"(max-width: 746px) 100vw, 746px\" \/><\/p>\n<p><span dir=\"auto\" style=\"vertical-align: inherit\"><span dir=\"auto\" style=\"vertical-align: inherit\">Vui l\u00f2ng ki\u1ec3m tra k\u00edch th\u01b0\u1edbc c\u1ea9n th\u1eadn tr\u01b0\u1edbc khi ch\u1ecdn k\u00edch th\u01b0\u1edbc, ch\u00fang t\u00f4i s\u1ebd kh\u00f4ng ch\u1ecbu tr\u00e1ch nhi\u1ec7m n\u1ebfu b\u1ea1n ki\u1ec3m tra k\u00edch th\u01b0\u1edbc kh\u00f4ng ch\u00ednh x\u00e1c.<\/span><\/span><\/p>\n<p><span dir=\"auto\" style=\"vertical-align: inherit\"><span dir=\"auto\" style=\"vertical-align: inherit\">Shakicks l\u00e0 m\u1ed9t trang web b\u00e1n gi\u00e0y replica ch\u1ea5t l\u01b0\u1ee3ng cao 100%. Ch\u00fang t\u00f4i kh\u00f4ng ch\u1ec9 b\u00e1n gi\u00e0y d\u00e9p m\u00e0 c\u00f2n b\u00e1n qu\u1ea7n \u00e1o, \u0111\u1ed3ng h\u1ed3 t\u1eeb nhi\u1ec1u th\u01b0\u01a1ng hi\u1ec7u kh\u00e1c nhau.<\/span><\/span><\/p>\n<p><span dir=\"auto\" style=\"vertical-align: inherit\"><span dir=\"auto\" style=\"vertical-align: inherit\">Shakicks cung c\u1ea5p d\u1ecbch v\u1ee5 kh\u00e1ch h\u00e0ng to\u00e0n di\u1ec7n, ki\u1ec3m tra ch\u1ea5t l\u01b0\u1ee3ng, d\u1ecbch v\u1ee5 giao h\u00e0ng, v.v.<\/span><\/span><\/p>\n<p><span dir=\"auto\" style=\"vertical-align: inherit\"><span dir=\"auto\" style=\"vertical-align: inherit\">N\u1ebfu c\u00f3 b\u1ea5t k\u1ef3 th\u1eafc m\u1eafc n\u00e0o, vui l\u00f2ng li\u00ean h\u1ec7 v\u1edbi ch\u00fang t\u00f4i qua email, tin nh\u1eafn, whatsapp v\u00e0 \u0111\u1ec3 l\u1ea1i l\u1eddi nh\u1eafn, ch\u00fang t\u00f4i s\u1ebd gi\u1ea3i quy\u1ebft cho b\u1ea1n.<\/span><\/span><\/p>\n","protected":false},"excerpt":{"rendered":"<p><span style=\"color: #000000\">If you want a size larger than 12<\/span><\/p>\n<p>Please contact us via sms: <strong>+1 (669) 209-9234<\/strong><\/p>\n<p><span style=\"color: #000000\">Let me check if it&#8217;s still in stock<\/span><\/p>\n","protected":false},"featured_media":154755,"template":"","meta":{"_monsterinsights_skip_tracking":false,"_monsterinsights_sitenote_active":false,"_monsterinsights_sitenote_note":"","_monsterinsights_sitenote_category":0,"_uf_show_specific_survey":0,"_uf_disable_surveys":false},"product_brand":[],"product_cat":[746,453,670,307],"product_tag":[709,365],"class_list":{"0":"post-154734","1":"product","2":"type-product","3":"status-publish","4":"has-post-thumbnail","6":"product_cat-746","7":"product_cat-best-sellers","8":"product_cat-new-arrivals","9":"product_cat-nike-sneakers","10":"product_tag-nike","11":"product_tag-nike-others","13":"first","14":"instock","15":"sale","16":"shipping-taxable","17":"purchasable","18":"product-type-variable","19":"has-default-attributes","20":"add-to-wishlist-after_add_to_cart"},"_links":{"self":[{"href":"https:\/\/shakicks.us\/index.php\/wp-json\/wp\/v2\/product\/154734","targetHints":{"allow":["GET"]}}],"collection":[{"href":"https:\/\/shakicks.us\/index.php\/wp-json\/wp\/v2\/product"}],"about":[{"href":"https:\/\/shakicks.us\/index.php\/wp-json\/wp\/v2\/types\/product"}],"wp:featuredmedia":[{"embeddable":true,"href":"https:\/\/shakicks.us\/index.php\/wp-json\/wp\/v2\/media\/154755"}],"wp:attachment":[{"href":"https:\/\/shakicks.us\/index.php\/wp-json\/wp\/v2\/media?parent=154734"}],"wp:term":[{"taxonomy":"product_brand","embeddable":true,"href":"https:\/\/shakicks.us\/index.php\/wp-json\/wp\/v2\/product_brand?post=154734"},{"taxonomy":"product_cat","embeddable":true,"href":"https:\/\/shakicks.us\/index.php\/wp-json\/wp\/v2\/product_cat?post=154734"},{"taxonomy":"product_tag","embeddable":true,"href":"https:\/\/shakicks.us\/index.php\/wp-json\/wp\/v2\/product_tag?post=154734"}],"curies":[{"name":"wp","href":"https:\/\/api.w.org\/{rel}","templated":true}]}}